{"id":70,"date":"2022-05-05T08:33:47","date_gmt":"2022-05-05T08:33:47","guid":{"rendered":"https:\/\/aronyatarifleri.com\/?page_id=70"},"modified":"2022-05-05T08:33:48","modified_gmt":"2022-05-05T08:33:48","slug":"aronya-meyvesinin-yararlari-nelerdir","status":"publish","type":"page","link":"https:\/\/aronyatarifleri.com\/?page_id=70","title":{"rendered":"Aronya Meyvesinin Yararlar\u0131 Nelerdir?"},"content":{"rendered":"\n<p>Aronya, bilinen di\u011fer meyvelerden daha fazla antioksidan i\u00e7ermesinin yan\u0131nda C vitamini, PP, B, E vitamini ve y\u00fcksek miktarda antosiyanin de i\u00e7ermektedir. Ayn\u0131 zamanda potasyum, magnezyum, kalsiyum, manganez ve y\u00fcksek oranda lif i\u00e7eren aronya meyvesinin belirli hastal\u0131klar\u0131n tedavisinde \u00f6ne \u00e7\u0131kt\u0131\u011f\u0131 bilinmektedir.<\/p>\n\n\n\n<p><strong>Ba\u011f\u0131\u015f\u0131kl\u0131k Sisteminizi Sa\u011flama Al\u0131n<\/strong><\/p>\n\n\n\n<p>Aronya, kronik hastal\u0131klarla m\u00fccadele eder ve ba\u011f\u0131\u015f\u0131kl\u0131\u011f\u0131n\u0131z\u0131n g\u00fc\u00e7lenmesine yard\u0131mc\u0131 olarak v\u00fccutta adeta kalkan g\u00f6revi \u00fcstlenir.<\/p>\n\n\n\n<p><strong>Hi\u00e7 Ya\u015flanmay\u0131n, Hi\u00e7 Hastalanmay\u0131n<\/strong><\/p>\n\n\n\n<p>Sa\u011fl\u0131ks\u0131z beslenme ve \u00e7evresel ko\u015fullar nedeniyle v\u00fccuda giren serbest radikallerin temizlenmesinde g\u00f6rev alarak h\u00fccrelerin zarar g\u00f6rmesini engelleyen aronya meyvesi, h\u00fccrelerin yenilenmesine de yard\u0131mc\u0131 olmaktad\u0131r.<\/p>\n\n\n\n<p><strong>Kalbinize Aronya ile Bak\u0131n<\/strong><\/p>\n\n\n\n<p>Antosiyanin oran\u0131 y\u00fcksek besinlerin, kan bas\u0131nc\u0131n\u0131 d\u00fc\u015f\u00fcrerek damar sertli\u011fini \u00f6nlemesi ve kalp hastal\u0131klar\u0131n\u0131 azaltmas\u0131 bilimsel ara\u015ft\u0131rmalar sonucunda ortaya konmu\u015ftur. Kandaki kolesterol seviyesini dengede tutarak damar t\u0131kan\u0131kl\u0131\u011f\u0131n\u0131n ve p\u0131ht\u0131 olu\u015fumunun \u00f6n\u00fcne ge\u00e7er. Kan damarlar\u0131n\u0131 g\u00fc\u00e7lendirmeye yard\u0131mc\u0131 olur.<\/p>\n\n\n\n<p><strong>Cildinizi Yenileyin<\/strong><\/p>\n\n\n\n<p>Radyasyona maruz b\u0131rak\u0131lan deney hayvanlar\u0131na aronya meyve suyu i\u00e7irildi\u011finde daha fazla ve y\u00fcksek say\u0131da yeni lenfosit h\u00fccrelerin \u00fcretildi\u011fi g\u00f6zlemlenmi\u015ftir. Bu h\u00fccreler radyasyonun y\u0131k\u0131c\u0131 etkilerine kar\u015f\u0131 sava\u015fan h\u00fccrelerdir.<\/p>\n\n\n\n<p><strong>Zihninizi Aronya ile A\u00e7\u0131n<\/strong><\/p>\n\n\n\n<p>Aronya meyvesinin i\u00e7eri\u011findeki g\u00fc\u00e7l\u00fc antioksidan olan antosiyaninler, ya\u015f ile ili\u015fkili beyin fonksiyonlar\u0131n\u0131n ve haf\u0131zadaki bozulman\u0131n yava\u015flat\u0131lmas\u0131 i\u00e7in m\u00fckemmel birer kaynakt\u0131r. H\u0131zl\u0131 ya\u015flanman\u0131n \u00f6n\u00fcne ge\u00e7erek haf\u0131zan\u0131n deforme olmas\u0131n\u0131 yava\u015flatan aronya, ya\u015f fark etmeksizin ki\u015finin genel bili\u015fsel i\u015flevini art\u0131rmaktad\u0131r.<\/p>\n\n\n\n<p><strong>Karaci\u011ferinizi Aronya ile Temizleyin<\/strong><\/p>\n\n\n\n<p>Aronya meyvesi d\u00fczenli t\u00fcketildi\u011finde akci\u011fer ve karaci\u011fer temizlenmesini sa\u011flayarak zararl\u0131 bakterilerin idrar yoluyla v\u00fccuttan at\u0131l\u0131m\u0131n\u0131 sa\u011flar. Karaci\u011fer h\u00fccrelerinde metabolik s\u00fcreci iyile\u015ftirmede yard\u0131mc\u0131 olur.<\/p>\n\n\n\n<p><strong>Semptomlar\u0131n\u0131z\u0131 Hafifletin<\/strong><\/p>\n\n\n\n<p>Aronya meyvesi, saman nezlesi, sin\u00fczit ve ast\u0131m semptomlar\u0131n\u0131 hafifletmektedir.<\/p>\n","protected":false},"excerpt":{"rendered":"<p>Aronya, bilinen di\u011fer meyvelerden daha fazla antioksidan i\u00e7ermesinin yan\u0131nda C vitamini, PP, B, E vitamini ve y\u00fcksek miktarda antosiyanin de i\u00e7ermektedir. Ayn\u0131 zamanda potasyum, magnezyum, kalsiyum, manganez ve y\u00fcksek oranda lif i\u00e7eren aronya meyvesinin belirli hastal\u0131klar\u0131n tedavisinde \u00f6ne \u00e7\u0131kt\u0131\u011f\u0131 bilinmektedir. Ba\u011f\u0131\u015f\u0131kl\u0131k Sisteminizi Sa\u011flama Al\u0131n Aronya,&nbsp;<a class=\"read-more\" href=\"https:\/\/aronyatarifleri.com\/?page_id=70\">&hellip;<\/a><\/p>\n","protected":false},"author":3,"featured_media":0,"parent":0,"menu_order":0,"comment_status":"closed","ping_status":"closed","template":"","meta":[],"_links":{"self":[{"href":"https:\/\/aronyatarifleri.com\/index.php?rest_route=\/wp\/v2\/pages\/70"}],"collection":[{"href":"https:\/\/aronyatarifleri.com\/index.php?rest_route=\/wp\/v2\/pages"}],"about":[{"href":"https:\/\/aronyatarifleri.com\/index.php?rest_route=\/wp\/v2\/types\/page"}],"author":[{"embeddable":true,"href":"https:\/\/aronyatarifleri.com\/index.php?rest_route=\/wp\/v2\/users\/3"}],"replies":[{"embeddable":true,"href":"https:\/\/aronyatarifleri.com\/index.php?rest_route=%2Fwp%2Fv2%2Fcomments&post=70"}],"version-history":[{"count":1,"href":"https:\/\/aronyatarifleri.com\/index.php?rest_route=\/wp\/v2\/pages\/70\/revisions"}],"predecessor-version":[{"id":71,"href":"https:\/\/aronyatarifleri.com\/index.php?rest_route=\/wp\/v2\/pages\/70\/revisions\/71"}],"wp:attachment":[{"href":"https:\/\/aronyatarifleri.com\/index.php?rest_route=%2Fwp%2Fv2%2Fmedia&parent=70"}],"curies":[{"name":"wp","href":"https:\/\/api.w.org\/{rel}","templated":true}]}}